{"id":701,"date":"2020-04-08T11:14:04","date_gmt":"2020-04-08T11:14:04","guid":{"rendered":"https:\/\/old3.commonsupport.com\/wp\/conexi\/?page_id=7"},"modified":"2024-09-03T14:28:28","modified_gmt":"2024-09-03T11:28:28","slug":"home-one","status":"publish","type":"page","link":"https:\/\/ilgintaksi.com\/","title":{"rendered":"Ana Sayfa"},"content":{"rendered":"\t\t<div data-elementor-type=\"wp-page\" data-elementor-id=\"701\" class=\"elementor elementor-701\">\n\t\t\t\t\t\t<section class=\"elementor-section elementor-top-section elementor-element elementor-element-3eff2873 elementor-section-stretched elementor-section-full_width elementor-section-height-default elementor-section-height-default\" data-id=\"3eff2873\" data-element_type=\"section\" data-e-type=\"section\" data-settings=\"{&quot;stretch_section&quot;:&quot;section-stretched&quot;}\">\n\t\t\t\t\t\t<div class=\"elementor-container elementor-column-gap-no\">\n\t\t\t\t\t<div class=\"elementor-column elementor-col-100 elementor-top-column elementor-element elementor-element-66785523\" data-id=\"66785523\" data-element_type=\"column\" data-e-type=\"column\">\n\t\t\t<div class=\"elementor-widget-wrap\">\n\t\t\t\t\t\t\t<\/div>\n\t\t<\/div>\n\t\t\t\t\t<\/div>\n\t\t<\/section>\n\t\t\t\t<section class=\"elementor-section elementor-top-section elementor-element elementor-element-c8e3349 elementor-section-full_width elementor-section-height-default elementor-section-height-default\" data-id=\"c8e3349\" data-element_type=\"section\" data-e-type=\"section\">\n\t\t\t\t\t\t<div class=\"elementor-container elementor-column-gap-no\">\n\t\t\t\t\t<div class=\"elementor-column elementor-col-100 elementor-top-column elementor-element elementor-element-3ad9748\" data-id=\"3ad9748\" data-element_type=\"column\" data-e-type=\"column\">\n\t\t\t<div class=\"elementor-widget-wrap elementor-element-populated\">\n\t\t\t\t\t\t<div class=\"elementor-element elementor-element-66c9acaf elementor-widget elementor-widget-conexi_slider\" data-id=\"66c9acaf\" data-element_type=\"widget\" data-e-type=\"widget\" data-widget_type=\"conexi_slider.default\">\n\t\t\t\t<div class=\"elementor-widget-container\">\n\t\t\t\t\t\t\t\n\t\t\n\t\t<div class=\"main-banner-wrapper \">\n            <section class=\"banner-style-one owl-theme owl-carousel no-dots\">\n\t\t\t\n\t\t\t\t\t\t\t\n                <div class=\"slide slide-one\" style=\"background-image: url(https:\/\/old3.commonsupport.com\/wp\/conexi\/wp-content\/uploads\/2020\/04\/slider-1-1.jpg);\">\n                    <div class=\"container\">\n                        <div class=\"row\">\n                            <div class=\"col-lg-12 text-center\">\n                                <h3 class=\"banner-title\">%100  M\u00fc\u015fteri Memnuniyeti<\/h3>\n                                <p>Taksilerimiz deneyimli \u015fof\u00f6r ve klimal\u0131 ara\u00e7lardan olu\u015fan g\u00fcvenli bir ekip taraf\u0131ndan kullan\u0131lmaktad\u0131r.<\/p>\n                                <div class=\"btn-block\">\n                                    <a href=\"\" class=\"banner-btn\"><\/a>\n                                <\/div><!-- \/.btn-block -->\n                            <\/div><!-- \/.col-lg-12 -->\n                        <\/div><!-- \/.row -->\n                    <\/div><!-- \/.container -->\n                <\/div><!-- \/.slide -->\n\t\t\t\t\n\t\t\t\t\t\t\t\n                <div class=\"slide slide-one\" style=\"background-image: url(http:\/\/ilgintaksi.com\/wp-content\/uploads\/2022\/12\/photo-of-yellow-taxi-on-narrow-street-in-Istanbul-vacation-tips-1.webp);\">\n                    <div class=\"container\">\n                        <div class=\"row\">\n                            <div class=\"col-lg-12 text-center\">\n                                <h3 class=\"banner-title\">Konforlu Yolculuk<\/h3>\n                                <p>\u015eehiri\u00e7i, \u015fehird\u0131\u015f\u0131, havaalan\u0131 ta\u015f\u0131mac\u0131l\u0131\u011f\u0131 ve personel ta\u015f\u0131mac\u0131l\u0131\u011f\u0131 dahil \u00e7ok alanda yan\u0131n\u0131zday\u0131z<\/p>\n                                <div class=\"btn-block\">\n                                    <a href=\"\" class=\"banner-btn\"><\/a>\n                                <\/div><!-- \/.btn-block -->\n                            <\/div><!-- \/.col-lg-12 -->\n                        <\/div><!-- \/.row -->\n                    <\/div><!-- \/.container -->\n                <\/div><!-- \/.slide -->\n\t\t\t\t\n\t\t\t\t\t\t\t\n                <div class=\"slide slide-one\" style=\"background-image: url(http:\/\/ilgintaksi.com\/wp-content\/uploads\/2024\/09\/tast.jpg);\">\n                    <div class=\"container\">\n                        <div class=\"row\">\n                            <div class=\"col-lg-12 text-center\">\n                                <h3 class=\"banner-title\">Geni\u015f Hizmet A\u011f\u0131<\/h3>\n                                <p>\u015eehiri\u00e7i, \u015fehird\u0131\u015f\u0131, havaalan\u0131 ta\u015f\u0131mac\u0131l\u0131\u011f\u0131 ve personel ta\u015f\u0131mac\u0131l\u0131\u011f\u0131 dahil \u00e7ok alanda yan\u0131n\u0131zday\u0131z<\/p>\n                                <div class=\"btn-block\">\n                                    <a href=\"\" class=\"banner-btn\"><\/a>\n                                <\/div><!-- \/.btn-block -->\n                            <\/div><!-- \/.col-lg-12 -->\n                        <\/div><!-- \/.row -->\n                    <\/div><!-- \/.container -->\n                <\/div><!-- \/.slide -->\n\t\t\t\t\n\t\t\t\t\t\t\t\t\n            <\/section><!-- \/.banner-style-one -->\n            <div class=\"carousel-btn-block banner-carousel-btn\">\n                <span class=\"carousel-btn left-btn\"><i class=\"conexi-icon-left\"><\/i><\/span>\n                <span class=\"carousel-btn right-btn\"><i class=\"conexi-icon-right\"><\/i><\/span>\n            <\/div><!-- \/.carousel-btn-block banner-carousel-btn -->\n        <\/div><!-- \/.main-banner-wrapper --> \n                   \n                \n\t\t\t\t\t\t<\/div>\n\t\t\t\t<\/div>\n\t\t\t\t<div class=\"elementor-element elementor-element-5e43142d elementor-widget elementor-widget-conexi_cta\" data-id=\"5e43142d\" data-element_type=\"widget\" data-e-type=\"widget\" data-widget_type=\"conexi_cta.default\">\n\t\t\t\t<div class=\"elementor-widget-container\">\n\t\t\t\t\t\t\t\n\t\t\n        <section class=\"cta-style-two \">\n            <div class=\"container\">\n                <div class=\"content-block\">\n                    <p>Taksilerimiz deneyimli \u015fof\u00f6r ve klimal\u0131 ara\u00e7lardan olu\u015fan g\u00fcvenli bir ekip taraf\u0131ndan kullan\u0131lmaktad\u0131r.<\/p>\n                    <h3>G\u0130DECE\u011e\u0130N\u0130Z YERE ULA\u015eMANIN <br>EN KOLAY YOLU<\/h3>\n                <\/div><!-- \/.content-block -->\n                <div class=\"button-block\">\n                    <a href=\"\" class=\"cta-btn\">0 (544) 545 88 11<\/a>\n                <\/div><!-- \/.button-block -->\n            <\/div><!-- \/.container -->\n        <\/section><!-- \/.cta-style-two --> \n                   \n                \n\t\t\t\t\t\t<\/div>\n\t\t\t\t<\/div>\n\t\t\t\t\t<\/div>\n\t\t<\/div>\n\t\t\t\t\t<\/div>\n\t\t<\/section>\n\t\t\t\t<section class=\"elementor-section elementor-top-section elementor-element elementor-element-176db60 elementor-section-boxed elementor-section-height-default elementor-section-height-default\" data-id=\"176db60\" data-element_type=\"section\" data-e-type=\"section\" id=\"1\">\n\t\t\t\t\t\t<div class=\"elementor-container elementor-column-gap-default\">\n\t\t\t\t\t<div class=\"elementor-column elementor-col-100 elementor-top-column elementor-element elementor-element-676e83a\" data-id=\"676e83a\" data-element_type=\"column\" data-e-type=\"column\">\n\t\t\t<div class=\"elementor-widget-wrap elementor-element-populated\">\n\t\t\t\t\t\t<div class=\"elementor-element elementor-element-d375254 elementor-widget elementor-widget-conexi_about\" data-id=\"d375254\" data-element_type=\"widget\" data-e-type=\"widget\" data-widget_type=\"conexi_about.default\">\n\t\t\t\t<div class=\"elementor-widget-container\">\n\t\t\t\t\t\t\t\n\t\t\n\t\t<section class=\"about-style-one \">\n            <div class=\"container\">\n                <div class=\"block-title text-center\">\n                    <div class=\"dot-line\"><\/div><!-- \/.dot-line -->\n                    <p>Sizler i\u00e7in daha iyiye<\/p>\n                    <h2>Rahat,Konforlu <br>G\u00fcvenilir  yolculuk<\/h2>\n                <\/div><!-- \/.block-title -->\n                <div class=\"row high-gutter\">\n                    <div class=\"col-lg-6\">\n                        <div class=\"about-image-block\">\n                            <img decoding=\"async\" src=\"http:\/\/old3.commonsupport.com\/wp\/conexi\/wp-content\/uploads\/2020\/04\/choise-1-1.png\" alt=\"Image\" \/>\n                            <p>We\u2019re specialized in providing a high quality service<\/p>\n                        <\/div><!-- \/.image-block -->\n                    <\/div><!-- \/.col-lg-6 -->\n                    <div class=\"col-lg-6\">\n                        <div class=\"text-block\">\n                            <div class=\"video-block-one\">\n                                <div class=\"image-block\">\n                                    <div class=\"inner-block\">\n                                        <img decoding=\"async\" src=\"http:\/\/old3.commonsupport.com\/wp\/conexi\/wp-content\/uploads\/2020\/04\/history-1-1.jpg\" alt=\"Awesome Image\" \/>\n                                        <a href=\"\" class=\"video-popup\"><i class=\"fa fa-play\"><\/i><\/a>\n                                    <\/div><!-- \/.inner-block -->\n                                <\/div><!-- \/.image-block -->\n                                <div class=\"content-block\">\n                                    <h3>\n\u015eehit aileleri i\u00e7in \u00fccretsiz ta\u015f\u0131ma hizmeti vermekteyiz.<\/h3>\n                                <\/div><!-- \/.content-block -->\n                            <\/div><!-- \/.video-block-one -->\n                            <p>Uzun y\u0131llard\u0131r faliyet g\u00f6steren  Taksi Dura\u011f\u0131m\u0131z G\u00fcvenlir ve konforludur. Ekibimiz se\u00e7kin ve tecr\u00fcbeli ki\u015filerden olu\u015fur. Siz de\u011ferli m\u00fc\u015fterilerimizin 24 saat huzur ve g\u00fcven i\u00e7erisinde \u015fehir i\u00e7i ve \u015fehir d\u0131\u015f\u0131 ula\u015f\u0131mlar\u0131n\u0131zda Ilg\u0131n Taksi Dura\u011f\u0131 misafir perverli\u011fi ve kalitesiyle hizmetinizdeyiz.<\/p>\n                            <hr class=\"style-one\">\n                            <div class=\"call-block\">\n                                <div class=\"left-block\">\n                                    <div class=\"icon-block\">\n                                        <i class=\"conexi-icon-phone-call\"><\/i>\n                                    <\/div><!-- \/.icon-block -->\n                                    <div class=\"content-block\">\n                                        <p>ALO TAKS\u0130<br>\n<\/p>\n                                    <\/div><!-- \/.content-block -->\n                                <\/div><!-- \/.left-block -->\n                                <div class=\"right-block\">\n                                    <a class=\"phone-number\" href=\"#\"><a class=\"telefon-ara-btn\" href=\"tel:+905445458811\"> 0 (544) 545 88 11<\/a> <\/a>\n                                <\/div><!-- \/.right-block -->\n                            <\/div><!-- \/.call-block -->\n                        <\/div><!-- \/.text-block -->\n                    <\/div><!-- \/.col-lg-6 -->\n                <\/div><!-- \/.row -->\n            <\/div><!-- \/.container -->\n        <\/section><!-- \/.about-style-one -->\n                   \n                \n\t\t\t\t\t\t<\/div>\n\t\t\t\t<\/div>\n\t\t\t\t\t<\/div>\n\t\t<\/div>\n\t\t\t\t\t<\/div>\n\t\t<\/section>\n\t\t\t\t<section class=\"elementor-section elementor-top-section elementor-element elementor-element-429af112 elementor-section-stretched elementor-section-full_width elementor-section-height-default elementor-section-height-default\" data-id=\"429af112\" data-element_type=\"section\" data-e-type=\"section\" id=\"2\" data-settings=\"{&quot;stretch_section&quot;:&quot;section-stretched&quot;}\">\n\t\t\t\t\t\t<div class=\"elementor-container elementor-column-gap-no\">\n\t\t\t\t\t<div class=\"elementor-column elementor-col-100 elementor-top-column elementor-element elementor-element-4ceed251\" data-id=\"4ceed251\" data-element_type=\"column\" data-e-type=\"column\">\n\t\t\t<div class=\"elementor-widget-wrap elementor-element-populated\">\n\t\t\t\t\t\t<div class=\"elementor-element elementor-element-63c71a22 elementor-widget elementor-widget-conexi_funfact\" data-id=\"63c71a22\" data-element_type=\"widget\" data-e-type=\"widget\" data-widget_type=\"conexi_funfact.default\">\n\t\t\t\t<div class=\"elementor-widget-container\">\n\t\t\t\t\t\t\t\n\t\t\n\t\t<section class=\"funfact-style-one \">\n            <div class=\"container\">\n                <div class=\"block-title text-center\">\n                    <div class=\"dot-line\"><\/div><!-- \/.dot-line -->\n                    <p><\/p>\n                    <h2>Say\u0131larla Biz<\/h2>\n                <\/div><!-- \/.block-title text-center -->\n                <div class=\"row\">\n\t\t\t\t\n\t\t\t\t\t\t\t\t\t\n                    <div class=\"col-lg-3 col-md-6 col-sm-12\">\n                        <div class=\"single-funfact-one hvr-float-shadow\">\n                            <i class=\"icon conexi-icon-meter\"><\/i>\n                            <h3 class=\"counter\">75700<\/h3>\n                            <p>KM <\/p>\n                        <\/div><!-- \/.single-funfact-one -->\n                    <\/div><!-- \/.col-lg-3 -->\n\n\t\t\t\t\t\t\t\t\t\n                    <div class=\"col-lg-3 col-md-6 col-sm-12\">\n                        <div class=\"single-funfact-one hvr-float-shadow\">\n                            <i class=\"icon conexi-icon-team\"><\/i>\n                            <h3 class=\"counter\">4978<\/h3>\n                            <p>\u015eehirler Aras\u0131<\/p>\n                        <\/div><!-- \/.single-funfact-one -->\n                    <\/div><!-- \/.col-lg-3 -->\n\n\t\t\t\t\t\t\t\t\t\n                    <div class=\"col-lg-3 col-md-6 col-sm-12\">\n                        <div class=\"single-funfact-one hvr-float-shadow\">\n                            <i class=\"icon conexi-icon-taxi\"><\/i>\n                            <h3 class=\"counter\">4<\/h3>\n                            <p>Ara\u00e7 Say\u0131s\u0131<\/p>\n                        <\/div><!-- \/.single-funfact-one -->\n                    <\/div><!-- \/.col-lg-3 -->\n\n\t\t\t\t\t\t\t\t\t\n                    <div class=\"col-lg-3 col-md-6 col-sm-12\">\n                        <div class=\"single-funfact-one hvr-float-shadow\">\n                            <i class=\"icon conexi-icon-happy\"><\/i>\n                            <h3 class=\"counter\">24800<\/h3>\n                            <p>Mutlu M\u00fc\u015fteri<\/p>\n                        <\/div><!-- \/.single-funfact-one -->\n                    <\/div><!-- \/.col-lg-3 -->\n\n\t\t\t\t\t\n                <\/div><!-- \/.row -->\n            <\/div><!-- \/.container -->\n        <\/section><!-- \/.funfact-style-one -->\n                   \n                \n\t\t\t\t\t\t<\/div>\n\t\t\t\t<\/div>\n\t\t\t\t\t<\/div>\n\t\t<\/div>\n\t\t\t\t\t<\/div>\n\t\t<\/section>\n\t\t\t\t<\/div>\n\t\t","protected":false},"excerpt":{"rendered":"<p>%100 M\u00fc\u015fteri Memnuniyeti Taksilerimiz deneyimli \u015fof\u00f6r ve klimal\u0131 ara\u00e7lardan olu\u015fan g\u00fcvenli bir ekip taraf\u0131ndan kullan\u0131lmaktad\u0131r. Konforlu Yolculuk \u015eehiri\u00e7i, \u015fehird\u0131\u015f\u0131, havaalan\u0131 ta\u015f\u0131mac\u0131l\u0131\u011f\u0131 ve personel ta\u015f\u0131mac\u0131l\u0131\u011f\u0131 dahil \u00e7ok alanda yan\u0131n\u0131zday\u0131z Geni\u015f Hizmet A\u011f\u0131 \u015eehiri\u00e7i, \u015fehird\u0131\u015f\u0131, havaalan\u0131 ta\u015f\u0131mac\u0131l\u0131\u011f\u0131 ve personel ta\u015f\u0131mac\u0131l\u0131\u011f\u0131 dahil \u00e7ok alanda yan\u0131n\u0131zday\u0131z Taksilerimiz deneyimli \u015fof\u00f6r ve klimal\u0131 ara\u00e7lardan olu\u015fan g\u00fcvenli bir ekip taraf\u0131ndan kullan\u0131lmaktad\u0131r. G\u0130DECE\u011e\u0130N\u0130Z [&hellip;]<\/p>\n","protected":false},"author":2,"featured_media":0,"parent":0,"menu_order":0,"comment_status":"closed","ping_status":"closed","template":"tpl-default-elementor.php","meta":{"footnotes":""},"class_list":["post-701","page","type-page","status-publish","hentry"],"_links":{"self":[{"href":"https:\/\/ilgintaksi.com\/index.php\/wp-json\/wp\/v2\/pages\/701","targetHints":{"allow":["GET"]}}],"collection":[{"href":"https:\/\/ilgintaksi.com\/index.php\/wp-json\/wp\/v2\/pages"}],"about":[{"href":"https:\/\/ilgintaksi.com\/index.php\/wp-json\/wp\/v2\/types\/page"}],"author":[{"embeddable":true,"href":"https:\/\/ilgintaksi.com\/index.php\/wp-json\/wp\/v2\/users\/2"}],"replies":[{"embeddable":true,"href":"https:\/\/ilgintaksi.com\/index.php\/wp-json\/wp\/v2\/comments?post=701"}],"version-history":[{"count":80,"href":"https:\/\/ilgintaksi.com\/index.php\/wp-json\/wp\/v2\/pages\/701\/revisions"}],"predecessor-version":[{"id":878,"href":"https:\/\/ilgintaksi.com\/index.php\/wp-json\/wp\/v2\/pages\/701\/revisions\/878"}],"wp:attachment":[{"href":"https:\/\/ilgintaksi.com\/index.php\/wp-json\/wp\/v2\/media?parent=701"}],"curies":[{"name":"wp","href":"https:\/\/api.w.org\/{rel}","templated":true}]}}