{"id":229,"date":"2020-04-11T08:01:04","date_gmt":"2020-04-11T08:01:04","guid":{"rendered":"https:\/\/old3.commonsupport.com\/wp\/conexi\/?page_id=229"},"modified":"2022-12-01T13:51:51","modified_gmt":"2022-12-01T10:51:51","slug":"our-drivers","status":"publish","type":"page","link":"https:\/\/ilgintaksi.com\/index.php\/our-drivers\/","title":{"rendered":"Ara\u00e7lar\u0131m\u0131z"},"content":{"rendered":"\t\t<div data-elementor-type=\"wp-page\" data-elementor-id=\"229\" class=\"elementor elementor-229\">\n\t\t\t\t\t\t<section class=\"elementor-section elementor-top-section elementor-element elementor-element-71fbbd11 elementor-section-stretched elementor-section-full_width elementor-section-height-default elementor-section-height-default\" data-id=\"71fbbd11\" data-element_type=\"section\" data-e-type=\"section\" data-settings=\"{&quot;stretch_section&quot;:&quot;section-stretched&quot;}\">\n\t\t\t\t\t\t<div class=\"elementor-container elementor-column-gap-no\">\n\t\t\t\t\t<div class=\"elementor-column elementor-col-100 elementor-top-column elementor-element elementor-element-42466d1\" data-id=\"42466d1\" data-element_type=\"column\" data-e-type=\"column\">\n\t\t\t<div class=\"elementor-widget-wrap elementor-element-populated\">\n\t\t\t\t\t\t<div class=\"elementor-element elementor-element-1f1dd520 elementor-widget elementor-widget-conexi_team\" data-id=\"1f1dd520\" data-element_type=\"widget\" data-e-type=\"widget\" data-widget_type=\"conexi_team.default\">\n\t\t\t\t<div class=\"elementor-widget-container\">\n\t\t\t\t\t  \n\t\t<section class=\"team-style-one team-page\">\n            <img decoding=\"async\" src=\"https:\/\/ilgintaksi.com\/wp-content\/plugins\/elementor\/assets\/images\/placeholder.png\" class=\"team-bg\" alt=\"Image\" \/>\n            <div class=\"container\">\n\t\t\t\t                <div class=\"row\">\n\t\t\t\t\n\t\t\t\t\t\t\t\t\t\n                    <div class=\"col-lg-4\">\n                        <div class=\"single-team-one\">\n                            <div class=\"image-block\">\n                                <img decoding=\"async\" width=\"295\" height=\"135\" src=\"https:\/\/ilgintaksi.com\/wp-content\/uploads\/2020\/04\/pricing-1-2.png\" class=\"attachment-post-thumbnail size-post-thumbnail wp-post-image\" alt=\"\" \/>                            <\/div><!-- \/.image-block -->\n                            <div class=\"text-block\">\n                                <h3><a href=\"\">Hyundai Accent Blue<\/a><\/h3>\n                                <p>Ara\u00e7lar\u0131m\u0131z<\/p>\n\t\t\t\t\t\t\t\t\n\t\t\t\t\t\t\t\t\t\t\t\t\t\t\t\t\n                                <ul class=\"social-block\">\n                                                                    <\/ul><!-- \/.social-block -->\n\t\t\t\t\t\t\t\t\n\t\t\t\t\t\t\t\t\t\t\t\t\t\t\t\t\n                            <\/div><!-- \/.text-block -->\n                        <\/div><!-- \/.single-team-one -->\n                    <\/div><!-- \/.col-lg-4 -->\n\t\t\t\t\t\n\t\t\t\t\t\t\t\t\t\n                    <div class=\"col-lg-4\">\n                        <div class=\"single-team-one\">\n                            <div class=\"image-block\">\n                                <img decoding=\"async\" width=\"295\" height=\"135\" src=\"https:\/\/ilgintaksi.com\/wp-content\/uploads\/2020\/04\/pricing-1-6.png\" class=\"attachment-post-thumbnail size-post-thumbnail wp-post-image\" alt=\"\" \/>                            <\/div><!-- \/.image-block -->\n                            <div class=\"text-block\">\n                                <h3><a href=\"\">Skoda Superb<\/a><\/h3>\n                                <p>Ara\u00e7lar\u0131m\u0131z<\/p>\n\t\t\t\t\t\t\t\t\n\t\t\t\t\t\t\t\t\t\t\t\t\t\t\t\t\n                                <ul class=\"social-block\">\n                                                                    <\/ul><!-- \/.social-block -->\n\t\t\t\t\t\t\t\t\n\t\t\t\t\t\t\t\t\t\t\t\t\t\t\t\t\n                            <\/div><!-- \/.text-block -->\n                        <\/div><!-- \/.single-team-one -->\n                    <\/div><!-- \/.col-lg-4 -->\n\t\t\t\t\t\n\t\t\t\t\t\n                <\/div><!-- \/.row -->\n            <\/div><!-- \/.container -->\n        <\/section><!-- \/.team-style-one -->\n  \n           \n        \t\t\t\t<\/div>\n\t\t\t\t<\/div>\n\t\t\t\t\t<\/div>\n\t\t<\/div>\n\t\t\t\t\t<\/div>\n\t\t<\/section>\n\t\t\t\t<\/div>\n\t\t","protected":false},"excerpt":{"rendered":"<p>Loyce Arelleano Taxi Driver Sarita Terrio Taxi Driver Frankie Herl Taxi Driver Liberty Gitto Taxi Driver Tawana Iveson Taxi Driver Kymberly Schleifer Taxi Driver<\/p>\n","protected":false},"author":2,"featured_media":0,"parent":0,"menu_order":0,"comment_status":"closed","ping_status":"closed","template":"tpl-default-elementor.php","meta":{"footnotes":""},"class_list":["post-229","page","type-page","status-publish","hentry"],"_links":{"self":[{"href":"https:\/\/ilgintaksi.com\/index.php\/wp-json\/wp\/v2\/pages\/229","targetHints":{"allow":["GET"]}}],"collection":[{"href":"https:\/\/ilgintaksi.com\/index.php\/wp-json\/wp\/v2\/pages"}],"about":[{"href":"https:\/\/ilgintaksi.com\/index.php\/wp-json\/wp\/v2\/types\/page"}],"author":[{"embeddable":true,"href":"https:\/\/ilgintaksi.com\/index.php\/wp-json\/wp\/v2\/users\/2"}],"replies":[{"embeddable":true,"href":"https:\/\/ilgintaksi.com\/index.php\/wp-json\/wp\/v2\/comments?post=229"}],"version-history":[{"count":1,"href":"https:\/\/ilgintaksi.com\/index.php\/wp-json\/wp\/v2\/pages\/229\/revisions"}],"predecessor-version":[{"id":758,"href":"https:\/\/ilgintaksi.com\/index.php\/wp-json\/wp\/v2\/pages\/229\/revisions\/758"}],"wp:attachment":[{"href":"https:\/\/ilgintaksi.com\/index.php\/wp-json\/wp\/v2\/media?parent=229"}],"curies":[{"name":"wp","href":"https:\/\/api.w.org\/{rel}","templated":true}]}}