{"id":219,"date":"2020-04-11T07:47:57","date_gmt":"2020-04-11T07:47:57","guid":{"rendered":"https:\/\/old3.commonsupport.com\/wp\/conexi\/?page_id=219"},"modified":"2022-12-02T09:44:15","modified_gmt":"2022-12-02T06:44:15","slug":"about","status":"publish","type":"page","link":"https:\/\/ilgintaksi.com\/index.php\/about\/","title":{"rendered":"Hakk\u0131m\u0131zda"},"content":{"rendered":"\t\t<div data-elementor-type=\"wp-page\" data-elementor-id=\"219\" class=\"elementor elementor-219\">\n\t\t\t\t\t\t<section class=\"elementor-section elementor-top-section elementor-element elementor-element-4575f8a0 elementor-section-stretched elementor-section-full_width elementor-section-height-default elementor-section-height-default\" data-id=\"4575f8a0\" data-element_type=\"section\" data-e-type=\"section\" data-settings=\"{&quot;stretch_section&quot;:&quot;section-stretched&quot;}\">\n\t\t\t\t\t\t<div class=\"elementor-container elementor-column-gap-no\">\n\t\t\t\t\t<div class=\"elementor-column elementor-col-100 elementor-top-column elementor-element elementor-element-66d4125\" data-id=\"66d4125\" data-element_type=\"column\" data-e-type=\"column\">\n\t\t\t<div class=\"elementor-widget-wrap elementor-element-populated\">\n\t\t\t\t\t\t<div class=\"elementor-element elementor-element-96b9a60 elementor-widget elementor-widget-conexi_about3\" data-id=\"96b9a60\" data-element_type=\"widget\" data-e-type=\"widget\" data-widget_type=\"conexi_about3.default\">\n\t\t\t\t<div class=\"elementor-widget-container\">\n\t\t\t\t\t\t\t\n\t\t\n\t\t<section class=\"about-style-two \">\n            <div class=\"container\">\n                <div class=\"row\">\n                    <div class=\"col-lg-6\">\n                        <div class=\"content-block\">\n                            <div class=\"block-title\">\n                                <div class=\"dot-line\"><\/div><!-- \/.dot-line -->\n                                <p>Ilg\u0131n Taksi<\/p>\n                                <h2>Ge\u00e7mi\u015ften G\u00fcn\u00fcm\u00fcze<\/h2>\n                            <\/div><!-- \/.block-title text-center -->\n                            <p>1982 y\u0131l\u0131nda faliyet g\u00f6steren Taksi Dura\u011f\u0131m\u0131z G\u00fcvenilir ve konforludur. Ekibimiz se\u00e7kin ve tecr\u00fcbeli ki\u015filerden olu\u015fur. Siz de\u011ferli m\u00fc\u015fterilerimizin 24 saat huzur ve g\u00fcven i\u00e7erisinde \u015fehir i\u00e7i ve \u015fehir d\u0131\u015f\u0131 ula\u015f\u0131mlar\u0131n\u0131zda Ilg\u0131n Taksi Dura\u011f\u0131 misafir perverli\u011fi ve kalitesiyle hizmetinizdeyiz.<\/p>\n                            <a href=\"\" class=\"about-btn\">7\/24 Hizmet<\/a>\n                        <\/div><!-- \/.content-block -->\n                    <\/div><!-- \/.col-lg-6 -->\n                    <div class=\"col-lg-6\">\n                        <div class=\"hvr-float-shadow\">\n                            <div class=\"image-block\">\n                                <img decoding=\"async\" src=\"http:\/\/ilgintaksi.com\/wp-content\/uploads\/2020\/04\/blog-1-5.jpg\" alt=\"Image\" \/>\n                                <div class=\"bubble-block\">\n                                    <div class=\"inner-block\">\n                                        <p>Kurulu\u015f\n<\/p>\n                                        <span class=\"counter\">1989<\/span>\n                                    <\/div><!-- \/.inner-block -->\n                                <\/div><!-- \/.bubble-block -->\n                            <\/div><!-- \/.image-block -->\n                        <\/div><!-- \/.hvr-float-shadow -->\n                    <\/div><!-- \/.col-lg-6 -->\n                <\/div><!-- \/.row -->\n            <\/div><!-- \/.container -->\n        <\/section><!-- \/.about-style-two -->\n                   \n                \n\t\t\t\t\t\t<\/div>\n\t\t\t\t<\/div>\n\t\t\t\t\t<\/div>\n\t\t<\/div>\n\t\t\t\t\t<\/div>\n\t\t<\/section>\n\t\t\t\t<\/div>\n\t\t","protected":false},"excerpt":{"rendered":"<p>Ilg\u0131n Taksi Ge\u00e7mi\u015ften G\u00fcn\u00fcm\u00fcze 1982 y\u0131l\u0131nda faliyet g\u00f6steren Taksi Dura\u011f\u0131m\u0131z G\u00fcvenilir ve konforludur. Ekibimiz se\u00e7kin ve tecr\u00fcbeli ki\u015filerden olu\u015fur. Siz de\u011ferli m\u00fc\u015fterilerimizin 24 saat huzur ve g\u00fcven i\u00e7erisinde \u015fehir i\u00e7i ve \u015fehir d\u0131\u015f\u0131 ula\u015f\u0131mlar\u0131n\u0131zda Ilg\u0131n Taksi Dura\u011f\u0131 misafir perverli\u011fi ve kalitesiyle hizmetinizdeyiz. 7\/24 Hizmet Kurulu\u015f 1989<\/p>\n","protected":false},"author":2,"featured_media":0,"parent":0,"menu_order":0,"comment_status":"closed","ping_status":"closed","template":"tpl-default-elementor.php","meta":{"footnotes":""},"class_list":["post-219","page","type-page","status-publish","hentry"],"_links":{"self":[{"href":"https:\/\/ilgintaksi.com\/index.php\/wp-json\/wp\/v2\/pages\/219","targetHints":{"allow":["GET"]}}],"collection":[{"href":"https:\/\/ilgintaksi.com\/index.php\/wp-json\/wp\/v2\/pages"}],"about":[{"href":"https:\/\/ilgintaksi.com\/index.php\/wp-json\/wp\/v2\/types\/page"}],"author":[{"embeddable":true,"href":"https:\/\/ilgintaksi.com\/index.php\/wp-json\/wp\/v2\/users\/2"}],"replies":[{"embeddable":true,"href":"https:\/\/ilgintaksi.com\/index.php\/wp-json\/wp\/v2\/comments?post=219"}],"version-history":[{"count":11,"href":"https:\/\/ilgintaksi.com\/index.php\/wp-json\/wp\/v2\/pages\/219\/revisions"}],"predecessor-version":[{"id":791,"href":"https:\/\/ilgintaksi.com\/index.php\/wp-json\/wp\/v2\/pages\/219\/revisions\/791"}],"wp:attachment":[{"href":"https:\/\/ilgintaksi.com\/index.php\/wp-json\/wp\/v2\/media?parent=219"}],"curies":[{"name":"wp","href":"https:\/\/api.w.org\/{rel}","templated":true}]}}